{"id":166,"date":"2017-09-07T19:24:39","date_gmt":"2017-09-07T17:24:39","guid":{"rendered":"http:\/\/sztf.edu.pl\/2018\/?page_id=166"},"modified":"2017-09-07T19:24:39","modified_gmt":"2017-09-07T17:24:39","slug":"konferencje-i-szkolenia","status":"publish","type":"page","link":"https:\/\/sztf.edu.pl\/2018\/o-nas\/konferencje-i-szkolenia\/","title":{"rendered":"Konferencje i szkolenia"},"content":{"rendered":"<p style=\"text-align: justify;\"><strong>Szko\u0142a Technologii Fermentacji<\/strong> by\u0142a zainicjowana w 1995 roku w ramach programu Tempus S-JEP-09770\/95 University \u2013 Industry Cooperation in Fermentation in Poland. W raporcie ko\u0144cowym unijnego programu TEMPUS JEP napisano: \u201edu\u017cy sukces kurs\u00f3w zorganizowanych we Wroc\u0142awiu i Olsztynie a tak\u017ce dalsze zapotrzebowanie partner\u00f3w ze strony polskiego przemys\u0142u doprowadzi do zorganizowania trzeciego kursu w Krakowie (20-26.04.1998)\u201d. Obecnie mija 21 lat od I Szko\u0142y, i mamy ju\u017c 18-st\u0105 edycj\u0119 w 2016 roku. Wysoki poziom merytoryczny programu zapewnia wsp\u00f3lne dzia\u0142anie przedstawicieli wielu o\u015brodk\u00f3w naukowych, w celu opracowania tre\u015bci najbardziej odpowiadaj\u0105cych bie\u017c\u0105cym potrzebom polskiego przemys\u0142u. W sk\u0142ad komitetu naukowego wchodz\u0105 przedstawiciele takich o\u015brodk\u00f3w naukowych jak: Uniwersytet Rolniczy w Krakowie, Uniwersytet Przyrodniczy we Wroc\u0142awiu, Politechnika \u0141\u00f3dzka czy Uniwersytet Warmi\u0144sko-Mazurski w Olsztynie.<\/p>\n<h2>EDYCJE SZKO\u0141Y TECHNOLOGII FERMENTACJI:<\/h2>\n<p>2014 r. \u2013 Stabilno\u015b\u0107 piwa wyzwaniem dla browarnictwa XXI wieku. Krak\u00f3w-Kocierz 20-22.03.2014.<\/p>\n<p>2012 r. \u2013 Globalizacja a oczekiwania wsp\u00f3\u0142czesnego rynku piwa. Krak\u00f3w-Kocierz 19-21.04.2012.<\/p>\n<p>2010 r. \u2013 Osi\u0105gni\u0119cia naukowo-techniczne w s\u0142odownictwie i browarnictwie. Oczekiwania-mo\u017cliwo\u015bci-wdro\u017cenia. Krak\u00f3w-Kocierz 21-24.04.2010.<\/p>\n<p>2009 r. \u2013 Technika i technologia w nowoczesnym browarnictwie. \u0141\u00f3d\u017a \u2013 Ciechocinek 24-27.03.2009.<\/p>\n<p>2008 r. \u2013 Materia\u0142y pomocnicze w technologii browarniczej. Krak\u00f3w-Kocierz 8-11.04.2008.<\/p>\n<p>2007 r. \u2013 Piwowarstwo polskie w Unii Europejskiej. Kliczk\u00f3w 21-24.03.2007.<\/p>\n<p>2006 r. \u2013 Trendy w technologii i marketingu piwa. \u0141\u00f3d\u017a 29.03-1.04.2006.<\/p>\n<p>2005 r. \u2013 Nowoczesne i przysz\u0142o\u015bciowe rozwi\u0105zania w browarnictwie. Wis\u0142a 20-23.04.2005.<\/p>\n<p>2003 r. \u2013 Enzymy w piwowarstwie \u2013 dzi\u015b i jutro. Jamrozowa Polana 26-29.03.2003.<\/p>\n<p>2002 r. \u2013 Modyfikacje surowcowe i technologiczne produkcji piwa. \u0141\u00f3d\u017a 20-23.03.2002.<\/p>\n<p>2001 r. \u2013 Kszta\u0142towanie cech sensorycznych piwa. Szczyrk 26-29.03.2001.<\/p>\n<p>2000 r. \u2013 Zarz\u0105dzanie jako\u015bci\u0105 w przemy\u015ble piwowarskim. Wybrane cechy jako\u015bci piwa \u2013 mo\u017cliwo\u015b\u0107 poprawy. Kiekrz 10-13.04.2000.<\/p>\n<p>1999 r. \u2013 Technologia i jako\u015b\u0107 piwa w marketingu. Duszniki Zdr\u00f3j 19-22.04.1999.<\/p>\n<p>1998 r. \u2013 Surowce w technologii piwowarskiej. Zakopane 20-23.04.1998.<\/p>\n<p>1997 r. \u2013 Fizyko-chemiczna i biologiczna stabilno\u015b\u0107 piwa i napoj\u00f3w fermentowanych. Stare Jab\u0142onki 7-11.04.1997.<\/p>\n<p>1996 r. \u2013 Dro\u017cd\u017ce w technologiach fermentacyjnych. Enzymy w technologiach fermentacyjnych. Wroc\u0142aw 16-19.04.1996.<\/p>\n<div style=\"margin: 20px 0;\"><div class=\"qrcswholewtapper\" style=\"text-align:left;\"><div class=\"qrcprowrapper\"  id=\"qrcwraa2leds\"><div class=\"qrc_canvass\" id=\"qrc_cuttenpages_2\" style=\"display:inline-block\" data-text=\"https:\/\/sztf.edu.pl\/2018\/o-nas\/konferencje-i-szkolenia\/\"><\/div><div><a download=\"Konferencje i szkolenia.png\" class=\"qrcdownloads\" id=\"worign\">\r\n           <button type=\"button\" style=\"min-width:200px;background:#dddddd;color:#000;font-weight: 600;border: 1px solid #dddddd;border-radius:4px;font-size:12px;padding: 6px 0;\" class=\"uqr_code_btn\">Download QR<\/button>\r\n           <\/a><\/div><\/div><\/div><\/div>","protected":false},"excerpt":{"rendered":"<p>Szko\u0142a Technologii Fermentacji by\u0142a zainicjowana w 1995 roku w ramach programu Tempus S-JEP-09770\/95 University \u2013 Industry Cooperation in Fermentation in Poland. W raporcie ko\u0144cowym unijnego&#8230;<\/p>\n","protected":false},"author":3,"featured_media":0,"parent":42,"menu_order":0,"comment_status":"closed","ping_status":"closed","template":"","meta":{"_exactmetrics_skip_tracking":false,"_exactmetrics_sitenote_active":false,"_exactmetrics_sitenote_note":"","_exactmetrics_sitenote_category":0,"jetpack_post_was_ever_published":false,"footnotes":""},"class_list":["post-166","page","type-page","status-publish","hentry"],"jetpack_sharing_enabled":true,"jetpack_shortlink":"https:\/\/wp.me\/P98bIM-2G","jetpack-related-posts":[],"_links":{"self":[{"href":"https:\/\/sztf.edu.pl\/2018\/wp-json\/wp\/v2\/pages\/166","targetHints":{"allow":["GET"]}}],"collection":[{"href":"https:\/\/sztf.edu.pl\/2018\/wp-json\/wp\/v2\/pages"}],"about":[{"href":"https:\/\/sztf.edu.pl\/2018\/wp-json\/wp\/v2\/types\/page"}],"author":[{"embeddable":true,"href":"https:\/\/sztf.edu.pl\/2018\/wp-json\/wp\/v2\/users\/3"}],"replies":[{"embeddable":true,"href":"https:\/\/sztf.edu.pl\/2018\/wp-json\/wp\/v2\/comments?post=166"}],"version-history":[{"count":1,"href":"https:\/\/sztf.edu.pl\/2018\/wp-json\/wp\/v2\/pages\/166\/revisions"}],"predecessor-version":[{"id":167,"href":"https:\/\/sztf.edu.pl\/2018\/wp-json\/wp\/v2\/pages\/166\/revisions\/167"}],"up":[{"embeddable":true,"href":"https:\/\/sztf.edu.pl\/2018\/wp-json\/wp\/v2\/pages\/42"}],"wp:attachment":[{"href":"https:\/\/sztf.edu.pl\/2018\/wp-json\/wp\/v2\/media?parent=166"}],"curies":[{"name":"wp","href":"https:\/\/api.w.org\/{rel}","templated":true}]}}