{"id":559,"date":"2018-02-10T20:22:26","date_gmt":"2018-02-10T19:22:26","guid":{"rendered":"http:\/\/sztf.edu.pl\/2018\/?page_id=559"},"modified":"2018-03-27T15:39:26","modified_gmt":"2018-03-27T13:39:26","slug":"komitet-naukowy","status":"publish","type":"page","link":"https:\/\/sztf.edu.pl\/2018\/o-nas\/komitet-naukowy\/","title":{"rendered":"Komitet Naukowy"},"content":{"rendered":"<div class=\"gmail_default\"><strong>dr hab. in\u017c. Aleksander Poreda<\/strong><br \/>\nUniwersytet Rolniczy w Krakowie<\/div>\n<div class=\"gmail_default\">\n<hr \/>\n<p><strong>dr hab. in\u017c. Pawe\u0142\u00a0Satora<\/strong><br \/>\nprof. UR,\u00a0Uniwersytet Rolniczy w Krakowie<\/div>\n<div class=\"gmail_default\">\n<hr \/>\n<p><strong>dr hab. in\u017c. Edyta Kordialik-Bogacka<\/strong><br \/>\nPolitechnika \u0141\u00f3dzka<\/div>\n<div class=\"gmail_default\">\n<hr \/>\n<p><strong>dr hab. in\u017c. Joanna Kawa-Rygielska<\/strong><br \/>\nprof. UP, Uniwersytet Przyrodniczy we Wroc\u0142awiu<\/div>\n<div class=\"gmail_default\">\n<hr \/>\n<p><strong>dr in\u017c. Marek Zdaniewicz<\/strong><br \/>\nUniwersytet Rolniczy w Krakowie<\/div>\n<div class=\"gmail_default\">\n<hr \/>\n<p><strong>prof. Jessika De Clippereer<\/strong><br \/>\nGhent University, Belgia<\/div>\n<div class=\"gmail_default\">\n<hr \/>\n<p><strong>dr Gert De Rouck<\/strong><br \/>\nKU Leuven, Belgia<\/div>\n<div class=\"gmail_default\">\n<hr \/>\n<p><strong>dr Roland Pahl<\/strong><br \/>\nVLB Berlin, Niemcy<\/div>\n<div style=\"margin: 20px 0;\"><div class=\"qrcswholewtapper\" style=\"text-align:left;\"><div class=\"qrcprowrapper\"  id=\"qrcwraa2leds\"><div class=\"qrc_canvass\" id=\"qrc_cuttenpages_2\" style=\"display:inline-block\" data-text=\"https:\/\/sztf.edu.pl\/2018\/o-nas\/komitet-naukowy\/\"><\/div><div><a download=\"Komitet Naukowy.png\" class=\"qrcdownloads\" id=\"worign\">\r\n           <button type=\"button\" style=\"min-width:200px;background:#dddddd;color:#000;font-weight: 600;border: 1px solid #dddddd;border-radius:4px;font-size:12px;padding: 6px 0;\" class=\"uqr_code_btn\">Download QR<\/button>\r\n           <\/a><\/div><\/div><\/div><\/div>","protected":false},"excerpt":{"rendered":"<p>dr hab. in\u017c. Aleksander Poreda Uniwersytet Rolniczy w Krakowie dr hab. in\u017c. Pawe\u0142\u00a0Satora prof. UR,\u00a0Uniwersytet Rolniczy w Krakowie dr hab. in\u017c. Edyta Kordialik-Bogacka Politechnika \u0141\u00f3dzka&#8230;<\/p>\n","protected":false},"author":1,"featured_media":0,"parent":42,"menu_order":0,"comment_status":"closed","ping_status":"closed","template":"","meta":{"_exactmetrics_skip_tracking":false,"_exactmetrics_sitenote_active":false,"_exactmetrics_sitenote_note":"","_exactmetrics_sitenote_category":0,"jetpack_post_was_ever_published":false,"footnotes":""},"class_list":["post-559","page","type-page","status-publish","hentry"],"jetpack_sharing_enabled":true,"jetpack_shortlink":"https:\/\/wp.me\/P98bIM-91","jetpack-related-posts":[],"_links":{"self":[{"href":"https:\/\/sztf.edu.pl\/2018\/wp-json\/wp\/v2\/pages\/559","targetHints":{"allow":["GET"]}}],"collection":[{"href":"https:\/\/sztf.edu.pl\/2018\/wp-json\/wp\/v2\/pages"}],"about":[{"href":"https:\/\/sztf.edu.pl\/2018\/wp-json\/wp\/v2\/types\/page"}],"author":[{"embeddable":true,"href":"https:\/\/sztf.edu.pl\/2018\/wp-json\/wp\/v2\/users\/1"}],"replies":[{"embeddable":true,"href":"https:\/\/sztf.edu.pl\/2018\/wp-json\/wp\/v2\/comments?post=559"}],"version-history":[{"count":3,"href":"https:\/\/sztf.edu.pl\/2018\/wp-json\/wp\/v2\/pages\/559\/revisions"}],"predecessor-version":[{"id":728,"href":"https:\/\/sztf.edu.pl\/2018\/wp-json\/wp\/v2\/pages\/559\/revisions\/728"}],"up":[{"embeddable":true,"href":"https:\/\/sztf.edu.pl\/2018\/wp-json\/wp\/v2\/pages\/42"}],"wp:attachment":[{"href":"https:\/\/sztf.edu.pl\/2018\/wp-json\/wp\/v2\/media?parent=559"}],"curies":[{"name":"wp","href":"https:\/\/api.w.org\/{rel}","templated":true}]}}