{"id":583,"date":"2018-02-11T19:37:20","date_gmt":"2018-02-11T18:37:20","guid":{"rendered":"http:\/\/sztf.edu.pl\/2018\/?page_id=583"},"modified":"2018-02-11T19:40:39","modified_gmt":"2018-02-11T18:40:39","slug":"polityka-prywatnosci-privacy-policy","status":"publish","type":"page","link":"https:\/\/sztf.edu.pl\/2018\/o-nas\/polityka-prywatnosci-privacy-policy\/","title":{"rendered":"Polityka prywatno\u015bci | Privacy Policy"},"content":{"rendered":"<h1 class=\"entry-title\">PL<\/h1>\n<div class=\"entry-content\">\n<ol>\n<li style=\"text-align: justify;\">W\u0142a\u015bcicielem serwisu internetowego <a href=\"http:\/\/sztf.edu.pl\">sztf.du.pl<\/a> jest Uniwersytet Rolniczy w Krakowie, al. Mickiewicza 21, 31-120 Krak\u00f3w,\u00a0dalej zwany\u00a0\u201eUR Krak\u00f3w\u201d, kt\u00f3ry jest r\u00f3wnocze\u015bnie administratorem danych osobowych U\u017cytkownik\u00f3w serwisu, w rozumieniu ustawy z dn. 29 sierpnia 1997 r. o ochronie danych osobowych.<\/li>\n<li style=\"text-align: justify;\">Serwis <a href=\"http:\/\/sztf.edu.pl\">sztf.edu.pl<\/a>\u00a0zosta\u0142 zaprojektowany w ten spos\u00f3b, aby mo\u017cna go by\u0142o odwiedza\u0107 bez konieczno\u015bci ujawniania danych osobowych z wy\u0142\u0105czeniem zadawania pyta\u0144 poprzez formularz kontaktowy.<\/li>\n<li style=\"text-align: justify;\">Podanie danych w formularzu kontaktowym jest zawsze dobrowolne i wykorzystywane zgodnie z wol\u0105 U\u017cytkownika.<\/li>\n<li style=\"text-align: justify;\">Ka\u017cdy z U\u017cytkownik\u00f3w ma prawo w dowolnym momencie usun\u0105\u0107 swoje dane.<\/li>\n<li style=\"text-align: justify;\">Wype\u0142niaj\u0105c formularz kontaktowy U\u017cytkownik serwisu wyra\u017ca zgod\u0119 na otrzymywanie od W\u0142a\u015bciciela serwisu bezp\u0142atnych informacji niezb\u0119dnych do realizacji procesu rekrutacji i udzia\u0142u w studiach podyplomowych, drog\u0105 elektroniczn\u0105 w rozumieniu Ustawy z dn. 18 lipca 2002 o \u015bwiadczeniu us\u0142ug drog\u0105 elektroniczn\u0105 (Dz. U. Nr 144, poz. 1204). U\u017cytkownik ma prawo wgl\u0105du do dotycz\u0105cych go danych osobowych, a tak\u017ce do \u017c\u0105dania modyfikacji, uaktualnienia, sprostowania, czasowego lub sta\u0142ego wstrzymania lub usuni\u0119cia dotycz\u0105cych go danych osobowych, je\u017celi s\u0105 one niekompletne, nieprawdziwe, nieaktualne albo s\u0105 ju\u017c zb\u0119dne do realizacji celu, dla kt\u00f3rego zosta\u0142y zebrane.<\/li>\n<li style=\"text-align: justify;\">Podane dane osobowe w formularzu kontaktowym nie b\u0119d\u0105 udost\u0119pniane w jakikolwiek spos\u00f3b osobom trzecim, za wyj\u0105tkiem W\u0142a\u015bciciela serwisu\u00a0<a href=\"http:\/\/sztf.edu.pl\">sztf.edu.pl<\/a>\u00a0i wsp\u00f3\u0142pracuj\u0105cych z nim podmiot\u00f3w, w zakresie niezb\u0119dnym do organizacji studi\u00f3w podyplomowych. Wszelkie uwagi dotycz\u0105ce dzia\u0142ania serwisu www.piwowar-studia.edu.pl\/<a href=\"http:\/\/sztf2016.edu.pl\/\">\u00a0<\/a>prosimy kierowa\u0107 do administratora serwisu na adres e-mail:\u00a0<a href=\"mailto:info@sztf.edu.pl\">info@sztf.edu.pl<\/a><\/li>\n<\/ol>\n<p style=\"text-align: justify;\"><strong>PLIKI COOKIES<\/strong><\/p>\n<p style=\"text-align: justify;\">Serwis\u00a0<a href=\"http:\/\/sztf.edu.pl\">sztf.edu.pl<\/a>\u00a0wykorzystuje pliki typu \u201ecookies\u201d, m.in. w celach statystycznych oraz w celu dostosowania naszego serwisu do indywidualnych potrzeb u\u017cytkownik\u00f3w. W wielu przypadkach oprogramowanie s\u0142u\u017c\u0105ce do przegl\u0105dania stron internetowych (przegl\u0105darka internetowa) domy\u015blnie dopuszcza przechowywanie plik\u00f3w cookies w urz\u0105dzeniu ko\u0144cowym u\u017cytkownika. Ustawienia te mog\u0105 zosta\u0107 zmienione w taki spos\u00f3b, aby blokowa\u0107 automatyczn\u0105 obs\u0142ug\u0119 plik\u00f3w cookies w ustawieniach przegl\u0105darki internetowej b\u0105d\u017a informowa\u0107 o ich ka\u017cdorazowym zamieszczeniu w urz\u0105dzeniu u\u017cytkownika portalu. Pliki \u201ecookies\u201d, kt\u00f3re mog\u0105 zosta\u0107 u\u017cyte w witrynach i stronach internetowych s\u0105 kojarzone wy\u0142\u0105cznie z przegl\u0105dark\u0105 internetow\u0105 konkretnego komputera (u\u017cytkownik anonimowy), bez podawania imienia lub nazwiska u\u017cytkownika. S\u0105 to informacje zapisywane przez serwer na komputerze u\u017cytkownika, a kt\u00f3re to informacje serwer mo\u017ce odczyta\u0107 przy ka\u017cdorazowym po\u0142\u0105czeniu si\u0119 z komputera u\u017cytkownika. Pliki te dostarczaj\u0105 danych statystycznych o ruchu u\u017cytkownik\u00f3w i korzystaniu przez nich z poszczeg\u00f3lnych stron serwisu\u00a0<a href=\"http:\/\/sztf.edu.pl\">sztf.edu.pl<\/a>\u00a0. Ponadto u\u017cytkownik mo\u017ce w ka\u017cdym czasie wybra\u0107 spos\u00f3b obs\u0142ugi plik\u00f3w \u201ecookies\u201d w strefie internetowej poprzez zast\u0105pienie automatycznej obs\u0142ugi plik\u00f3w \u201ecookies\u201d na obs\u0142ug\u0119 indywidualn\u0105 (ustawienia u\u017cytkownika). Jednak\u017ce szczeg\u00f3\u0142owych informacji w tym zakresie udzielaj\u0105 dostarczyciele program\u00f3w do obs\u0142ugi strefy internetowej (przegl\u0105darek internetowych), zazwyczaj w zak\u0142adce \u201eopcje internetowe\u201d lub podobnej. W przypadku wy\u0142\u0105czenie przez u\u017cytkownika w swojej przegl\u0105darce opcji akceptowania plik\u00f3w \u201ecookies\u201d, (zablokowanie, monitowanie) mo\u017ce spowodowa\u0107 utrudnienia czy wr\u0119cz uniemo\u017cliwi\u0107 korzystanie z niekt\u00f3rych us\u0142ug. Ponadto UR Krak\u00f3w\u00a0nie ponosi \u017cadnej odpowiedzialno\u015bci za stosowanie lub obs\u0142ug\u0119 plik\u00f3w \u201ecookies\u201d na innych stronach internetowych dost\u0119pnych dla u\u017cytkownik\u00f3w dzi\u0119ki linkom umieszczonym na stronach serwisu <a href=\"http:\/\/sztf.edu.pl\">sztf.edu.pl<\/a>\u00a0. Korzystanie z serwisu\u00a0<a href=\"http:\/\/sztf.edu.pl\">sztf.edu.pl<\/a>\u00a0jest r\u00f3wnoznaczne ze zgod\u0105 na zasady polityki prywatno\u015bci.<\/p>\n<p style=\"text-align: justify;\"><strong>Czym s\u0105 pliki \u201ecookies\u201d?<\/strong><\/p>\n<p style=\"text-align: justify;\">Pliki \u201ecookies\u201d (tzw: ciasteczka) s\u0105 to dane informatyczne, w szczeg\u00f3lno\u015bci pliki tekstowe, przechowywane w urz\u0105dzeniach ko\u0144cowych u\u017cytkownik\u00f3w przeznaczone do korzystania ze stron internetowych. Pliki te pozwalaj\u0105 rozpozna\u0107 urz\u0105dzenie u\u017cytkownika i odpowiednio wy\u015bwietli\u0107 stron\u0119 internetow\u0105 dostosowan\u0105 do jego indywidualnych preferencji. \u201eCookies\u201d zazwyczaj zawieraj\u0105 nazw\u0119 strony internetowej z kt\u00f3rej pochodz\u0105, czas przechowywania ich na urz\u0105dzeniu ko\u0144cowym oraz unikalny numer.<\/p>\n<p style=\"text-align: justify;\"><strong>Czym s\u0105 pliki \u201ecookies\u201d i do jakich cel\u00f3w je wykorzystujemy?<\/strong><\/p>\n<p style=\"text-align: justify;\">Pliki \u201ecookies\u201d wykorzystujemy w celu dostosowania zawarto\u015bci stron internetowych do preferencji u\u017cytkownika oraz optymalizacji korzystania ze stron internetowych. U\u017cywane s\u0105 r\u00f3wnie\u017c w celu tworzenia anonimowych statystyk, kt\u00f3re pomagaj\u0105 zrozumie\u0107 w jaki spos\u00f3b u\u017cytkownik korzysta ze stron internetowych co umo\u017cliwia ulepszanie ich struktury i zawarto\u015bci, z wy\u0142\u0105czeniem personalnej identyfikacji u\u017cytkownika.<\/p>\n<p style=\"text-align: justify;\"><strong>Jak wygl\u0105daj\u0105 \u201ecookies\u201d?<\/strong><\/p>\n<p style=\"text-align: justify;\">Pliki \u201ecookies\u201d sk\u0142adaj\u0105 si\u0119 z szeregu liter i cyfr, w kt\u00f3rych zapisane s\u0105 r\u00f3\u017cne informacje niezb\u0119dne do prawid\u0142owego funkcjonowania serwis\u00f3w internetowych.<\/p>\n<p style=\"text-align: justify;\"><strong>Jakich plik\u00f3w \u201ecookies\u201d u\u017cywamy?<\/strong><\/p>\n<p style=\"text-align: justify;\">W ramach serwisu, co do zasady stosowane s\u0105 dwa rodzaje plik\u00f3w \u201ecookies\u201d \u2013 \u201esesyjne\u201d oraz \u201esta\u0142e\u201d.<\/p>\n<p style=\"text-align: justify;\">Cookies sesyjne \u2013 s\u0105 plikami tymczasowymi, kt\u00f3re pozostaj\u0105 na urz\u0105dzeniu u\u017cytkownika, a\u017c do wylogowania si\u0119 ze strony internetowej, opuszczenia strony internetowej lub wy\u0142\u0105czenia oprogramowania (przegl\u0105darki internetowej).<\/p>\n<p style=\"text-align: justify;\">Cookies sta\u0142e \u2013 s\u0105 to pliki, kt\u00f3re pozostaj\u0105 na urz\u0105dzeniu u\u017cytkownika przez czas okre\u015blony w parametrach plik\u00f3w \u201ecookies\u201d albo do momentu ich r\u0119cznego usuni\u0119cia przez u\u017cytkownika. W ramach serwisu stosowane s\u0105 nast\u0119puj\u0105ce rodzaje plik\u00f3w cookies:<\/p>\n<p style=\"text-align: justify;\">a) \u201eniezb\u0119dne\u201d pliki cookies, umo\u017cliwiaj\u0105ce korzystanie z us\u0142ug dost\u0119pnych w ramach Serwisu, np. uwierzytelniaj\u0105ce pliki cookies wykorzystywane do us\u0142ug wymagaj\u0105cych uwierzytelniania w ramach Serwisu,<\/p>\n<p style=\"text-align: justify;\">b) pliki cookies s\u0142u\u017c\u0105ce do zapewnienia bezpiecze\u0144stwa, np. wykorzystywane do wykrywania nadu\u017cy\u0107 w zakresie uwierzytelniania w ramach Serwisu,<\/p>\n<p style=\"text-align: justify;\">c) \u201ewydajno\u015bciowe\u201d pliki cookies, umo\u017cliwiaj\u0105ce zbieranie informacji o sposobie korzystania ze stron internetowych Serwisu,<\/p>\n<p style=\"text-align: justify;\">d) \u201efunkcjonalne\u201d pliki cookies, umo\u017cliwiaj\u0105ce \u201ezapami\u0119tanie\u201d wybranych przez U\u017cytkownika ustawie\u0144 i personalizacj\u0119 interfejsu U\u017cytkownika, np. w zakresie wybranego j\u0119zyka lub regionu, z kt\u00f3rego pochodzi U\u017cytkownik, rozmiaru czcionki, wygl\u0105du strony internetowej itp.,<\/p>\n<p style=\"text-align: justify;\"><strong>Czy \u201ecookies\u201d s\u0105 niebezpieczne?<\/strong><\/p>\n<p style=\"text-align: justify;\">Nie, gdy\u017c pliki cookies to ma\u0142e kawa\u0142ki tekstu. Nie s\u0105 programami komputerowymi i nie mog\u0105 by\u0107 wykorzystywane jako kody. Ponadto, nie rozpowszechniaj\u0105 wirus\u00f3w i ka\u017cdy u\u017cytkownik ma mo\u017cliwo\u015b\u0107 zarz\u0105dzania plikami cookies na urz\u0105dzeniu ko\u0144cowym. Umo\u017cliwiaj\u0105 to np. przegl\u0105darki internetowe, z kt\u00f3rych korzystamy. W plikach cookies nie s\u0105 przechowywane dane osobowe, a ich zawarto\u015b\u0107 nie pozwala na identyfikacj\u0119 u\u017cytkownika.<\/p>\n<p style=\"text-align: justify;\"><strong>Zarz\u0105dzanie plikami \u201ecookies\u201d<\/strong><\/p>\n<p style=\"text-align: justify;\">Pami\u0119taj, \u017ce masz mo\u017cliwo\u015b\u0107 samodzielnego zarz\u0105dzania plikami \u201ecookies\u201d. Umo\u017cliwiaj\u0105 to np. przegl\u0105darki internetowe, z kt\u00f3rych korzystasz. Je\u015bli u\u017cytkownik nie jest zainteresowany otrzymywaniem plik\u00f3w cookies, mo\u017ce zmieni\u0107 ustawienia przegl\u0105darki internetowej. W celu uzyskania szczeg\u00f3\u0142owych informacji na temat zarz\u0105dzania ustawieniami plik\u00f3w cookies, zalecamy post\u0119powanie zgodnie z instrukcjami przegl\u0105darki internetowej, z kt\u00f3rej Pa\u0144stwo korzystacie.<\/p>\n<hr \/>\n<h1 id=\"eng\" class=\"entry-title\">ENG<\/h1>\n<ol>\n<li style=\"text-align: justify;\">The owner of the sztf.du.pl website is the University of Agriculture in Krakow, al. Mickiewicza 21, 31-120 Krak\u00f3w, hereinafter referred to as &#8222;UR Krak\u00f3w&#8221;, which is also the administrator of personal data of Website Users, as defined in the Act of August 29, 1997 on the protection of personal data.<\/li>\n<li style=\"text-align: justify;\">The sztf.edu.pl service has been designed in such a way that it can be visited without the need to disclose personal data, with the exception of asking questions via the contact form.<\/li>\n<li style=\"text-align: justify;\">Providing data in the contact form is always voluntary and used in accordance with the will of the User.<\/li>\n<li style=\"text-align: justify;\">Each of the Users has the right to delete their data at any time.<\/li>\n<li style=\"text-align: justify;\">By completing the contact form, the Website User agrees to receive from the Website Owner free information necessary to complete the recruitment process and participate in postgraduate studies, electronically within the meaning of the Act of July 18, 2002 on the provision of electronic services (Journal of Laws No. 144, item 1204). The User has the right to access personal data concerning him, as well as to request modifications, updates, corrections, temporary or permanent suspension or deletion of personal data concerning him if incomplete, untrue, outdated or are no longer necessary to achieve the purpose for which they were harvested.<\/li>\n<li style=\"text-align: justify;\">The provided personal data in the contact form will not be made available in any way to any third parties, with the exception of the Owner of sztf.edu.pl and entities cooperating with it, to the extent necessary to organize postgraduate studies. For any comments regarding the operation of www.piwowar-studia.edu.pl\/, please contact the website administrator at the e-mail address: info@sztf.edu.pl<\/li>\n<\/ol>\n<p style=\"text-align: justify;\"><strong>COOKIES<\/strong><\/p>\n<p style=\"text-align: justify;\">Service sztf.edu.pl uses cookies, including for statistical purposes and to adapt our website to the individual needs of users. In many cases, software used for browsing websites (web browser) allows cookies to be stored in the user&#8217;s end device by default. These settings can be changed in such a way as to block the automatic handling of cookies in the web browser&#8217;s settings or inform them about each time they enter the portal user&#8217;s device. &#8222;Cookies&#8221; that can be used on websites and websites are associated only with the browser of a specific computer (anonymous user), without providing the user&#8217;s first or last name. This is information saved by the server on the user&#8217;s computer, and which information the server can read each time it connects to the user&#8217;s computer. These files provide statistical data about user traffic and their use of individual pages of the sztf.edu.pl website. In addition, the user can at any time choose how to handle &#8222;cookies&#8221; in the Internet zone by replacing the automatic handling of &#8222;cookies&#8221; for individual service (user settings). However, detailed information in this regard is provided by the providers of programs for operating the Internet zone (web browsers), usually in the &#8222;internet options&#8221; or similar tab. If the user disables the option of accepting &#8222;cookies&#8221; in his \/ her browser, (blocking, prompting) may cause difficulties or even prevent the use of certain services. In addition, UR Krak\u00f3w does not bear any responsibility for the use or handling of &#8222;cookies&#8221; on other websites accessible to users thanks to the links placed on the sztf.edu.pl website. The use of sztf.edu.pl is tantamount to consent to the privacy policy.<\/p>\n<p style=\"text-align: justify;\"><strong>What are &#8222;cookies&#8221;?<\/strong><\/p>\n<p style=\"text-align: justify;\">&#8222;Cookies&#8221; files (so-called cookies) are IT data, in particular text files, stored in end-user devices intended for using websites. These files allow to recognize the user&#8217;s device and properly display the website adapted to his individual preferences. &#8222;Cookies&#8221; usually contain the name of the website from which they originate, their storage time on the end device and a unique number.<\/p>\n<p style=\"text-align: justify;\"><strong>What are &#8222;cookies&#8221; and for what purposes we use them?<\/strong><\/p>\n<p style=\"text-align: justify;\">We use &#8222;cookies&#8221; to adapt the content of websites to user preferences and to optimize the use of websites. They are also used to create anonymous statistics that help to understand how the user uses websites, which allows improving their structure and content, excluding personal identification of the user.<\/p>\n<p style=\"text-align: justify;\"><strong>What do &#8222;cookies&#8221; look like?<\/strong><\/p>\n<p style=\"text-align: justify;\">&#8222;Cookies&#8221; files consist of a series of letters and numbers in which various information necessary for the proper functioning of websites is stored.<\/p>\n<p style=\"text-align: justify;\"><strong>What kind of &#8222;cookies&#8221; do we use?<\/strong><\/p>\n<p style=\"text-align: justify;\">As part of the website, as a rule two types of &#8222;cookie&#8221; files &#8211; &#8222;session&#8221; and &#8222;permanent&#8221; files are used.<\/p>\n<p style=\"text-align: justify;\">Session cookies &#8211; are temporary files that remain on the user&#8217;s device until you log out of the website, leave the website or disable the software (web browser).<\/p>\n<p style=\"text-align: justify;\">Permanent cookies &#8211; these are files that remain on the user&#8217;s device for the time specified in the parameters of &#8222;cookies&#8221; or until they are manually removed by the user. The website uses the following types of cookies:<\/p>\n<p style=\"text-align: justify;\">a) &#8222;necessary&#8221; cookies, enabling the use of services available on the Website, e.g. authentication cookies used for services that require authentication on the Website,<\/p>\n<p style=\"text-align: justify;\">b) cookies used to ensure security, e.g. used to detect fraud in the field of authentication on the Website,<\/p>\n<p style=\"text-align: justify;\">c) &#8222;performance&#8221; cookies, enabling the collection of information on the use of Website pages,<\/p>\n<p style=\"text-align: justify;\">d) &#8222;functional&#8221; cookies, allowing &#8222;remembering&#8221; the settings selected by the User and personalizing the User&#8217;s interface, eg in the scope of the selected language or region of the User&#8217;s origin, font size, website appearance, etc.,<\/p>\n<p style=\"text-align: justify;\"><strong>Are &#8222;cookies&#8221; dangerous?<\/strong><\/p>\n<p style=\"text-align: justify;\">No, because cookies are small pieces of text. They are not computer programs and can not be used as codes. In addition, they do not spread viruses and each user has the option of managing cookies on the end device. This is, for example, the web browsers we use. Cookies do not store personal data, and their content does not allow the user to be identified.<\/p>\n<p style=\"text-align: justify;\"><strong>Managing &#8222;cookie&#8221; files<\/strong><\/p>\n<p style=\"text-align: justify;\">Remember that you have the ability to independently manage &#8222;cookies&#8221;. This is made possible, for example, by Internet browsers you use. If the user is not interested in receiving cookies, he can change the settings of the web browser. In order to obtain detailed information on the management of cookie settings, we recommend that you follow the instructions of the web browser that you use.<\/p>\n<p style=\"text-align: justify;\">\n<\/div>\n<div style=\"margin: 20px 0;\"><div class=\"qrcswholewtapper\" style=\"text-align:left;\"><div class=\"qrcprowrapper\"  id=\"qrcwraa2leds\"><div class=\"qrc_canvass\" id=\"qrc_cuttenpages_2\" style=\"display:inline-block\" data-text=\"https:\/\/sztf.edu.pl\/2018\/o-nas\/polityka-prywatnosci-privacy-policy\/\"><\/div><div><a download=\"Polityka prywatno\u015bci | Privacy Policy.png\" class=\"qrcdownloads\" id=\"worign\">\r\n           <button type=\"button\" style=\"min-width:200px;background:#dddddd;color:#000;font-weight: 600;border: 1px solid #dddddd;border-radius:4px;font-size:12px;padding: 6px 0;\" class=\"uqr_code_btn\">Download QR<\/button>\r\n           <\/a><\/div><\/div><\/div><\/div>","protected":false},"excerpt":{"rendered":"<p>PL W\u0142a\u015bcicielem serwisu internetowego sztf.du.pl jest Uniwersytet Rolniczy w Krakowie, al. Mickiewicza 21, 31-120 Krak\u00f3w,\u00a0dalej zwany\u00a0\u201eUR Krak\u00f3w\u201d, kt\u00f3ry jest r\u00f3wnocze\u015bnie administratorem danych osobowych U\u017cytkownik\u00f3w serwisu,&#8230;<\/p>\n","protected":false},"author":3,"featured_media":0,"parent":42,"menu_order":0,"comment_status":"closed","ping_status":"closed","template":"page-template-fullwidth.php","meta":{"_exactmetrics_skip_tracking":false,"_exactmetrics_sitenote_active":false,"_exactmetrics_sitenote_note":"","_exactmetrics_sitenote_category":0,"jetpack_post_was_ever_published":false,"footnotes":""},"class_list":["post-583","page","type-page","status-publish","hentry"],"jetpack_sharing_enabled":true,"jetpack_shortlink":"https:\/\/wp.me\/P98bIM-9p","jetpack-related-posts":[],"_links":{"self":[{"href":"https:\/\/sztf.edu.pl\/2018\/wp-json\/wp\/v2\/pages\/583","targetHints":{"allow":["GET"]}}],"collection":[{"href":"https:\/\/sztf.edu.pl\/2018\/wp-json\/wp\/v2\/pages"}],"about":[{"href":"https:\/\/sztf.edu.pl\/2018\/wp-json\/wp\/v2\/types\/page"}],"author":[{"embeddable":true,"href":"https:\/\/sztf.edu.pl\/2018\/wp-json\/wp\/v2\/users\/3"}],"replies":[{"embeddable":true,"href":"https:\/\/sztf.edu.pl\/2018\/wp-json\/wp\/v2\/comments?post=583"}],"version-history":[{"count":3,"href":"https:\/\/sztf.edu.pl\/2018\/wp-json\/wp\/v2\/pages\/583\/revisions"}],"predecessor-version":[{"id":1322,"href":"https:\/\/sztf.edu.pl\/2018\/wp-json\/wp\/v2\/pages\/583\/revisions\/1322"}],"up":[{"embeddable":true,"href":"https:\/\/sztf.edu.pl\/2018\/wp-json\/wp\/v2\/pages\/42"}],"wp:attachment":[{"href":"https:\/\/sztf.edu.pl\/2018\/wp-json\/wp\/v2\/media?parent=583"}],"curies":[{"name":"wp","href":"https:\/\/api.w.org\/{rel}","templated":true}]}}