{"id":600,"date":"2018-02-21T15:49:04","date_gmt":"2018-02-21T14:49:04","guid":{"rendered":"http:\/\/sztf.edu.pl\/2018\/?page_id=600"},"modified":"2018-04-18T14:51:35","modified_gmt":"2018-04-18T12:51:35","slug":"konkurs","status":"publish","type":"page","link":"https:\/\/sztf.edu.pl\/2018\/konkurs\/","title":{"rendered":"Konkurs Piw Specjalnych"},"content":{"rendered":"<h3 style=\"text-align: justify;\"><strong>U<\/strong><strong>niwersytet Rolniczy w Krakowie oraz Komitet Organizacyjny XIX Szko\u0142y Technologii Fermentacji maj\u0105 zaszczyt zaprosi\u0107 Pa\u0144stwa na II KONKURS PIW SPECJALNYCH.<\/strong><\/h3>\n<h3 style=\"text-align: center;\"><strong>Konkurs odb\u0119dzie si\u0119 w dniach:<br \/>\n15-16 maja 2018 r. w Hotelu Kocierz<\/strong><\/h3>\n<p style=\"text-align: justify;\">Na naszym rynku gwa\u0142townie ro\u015bnie liczba styl\u00f3w piwnych, a tak\u017ce \u015bwiadomych konsument\u00f3w, ch\u0119tnych do degustacji nowych smak\u00f3w.\u00a0<strong>Zorganizowany przez nas konkurs ma na celu wsparcie i promocj\u0119 tych trend\u00f3w.\u00a0<\/strong><\/p>\n<p style=\"text-align: justify;\">G\u0142\u00f3wn\u0105 ide\u0105 Konkursu Piw Specjalnych jest rozpowszechnianie nowych styl\u00f3w piwnych.\u00a0<strong>Docenimy pionierski charakter piw, innowacyjne my\u015blenie browarnik\u00f3w oraz odwag\u0119 \u2013 a wi\u0119c cechy niezb\u0119dne przy wprowadzaniu nowych, nieznanych dotychczas produkt\u00f3w.\u00a0<\/strong>W ka\u017cdej kategorii przyznane zostan\u0105 medale, a spo\u015br\u00f3d laureat\u00f3w nasze profesjonalne jury wybierze piwo, kt\u00f3re zdob\u0119dzie Puchar Pioniera Roku 2018.<\/p>\n<h3 style=\"text-align: center;\"><strong>Termin zg\u0142aszania piwa up\u0142ywa 25.04.2018<\/strong><\/h3>\n<h3><strong>Kategorie<\/strong><\/h3>\n<p style=\"text-align: justify;\">Gor\u0105co zach\u0119camy przedsi\u0119biorstwa prowadz\u0105ce dzia\u0142alno\u015b\u0107 z zakresu produkcji piwa do zg\u0142oszenia swoich produkt\u00f3w w nast\u0119puj\u0105cych kategoriach piw:<\/p>\n<ul>\n<li>Grodziskie<\/li>\n<li>Porter Ba\u0142tycki<\/li>\n<li>Kwa\u015bne<\/li>\n<\/ul>\n<h3 style=\"text-align: right;\"><a href=\"http:\/\/sztf.edu.pl\/2018\/konkurs\/regulamin\/\" target=\"_blank\" rel=\"noopener\"><strong>Przeczytaj Regulamin<\/strong><\/a><\/h3>\n<h3 style=\"text-align: justify;\"><strong>Trofea<\/strong><\/h3>\n<p style=\"text-align: justify;\">\u200bNajlepsze piwa specjalne z Polski walczy\u0107 b\u0119d\u0105 o medale z\u0142ote, srebrne i br\u0105zowe w danej kategorii, a spo\u015br\u00f3d medalist\u00f3w profesjonalne jury wybierze \u200bg\u0142\u00f3wn\u200bego \u200bl\u200baureata\u200b I Konkursu Piw Specjalnych. Uzyska on tytu\u0142 PIONIERA BROWARNICTWA 2018 oraz Puchar Polski, kt\u00f3ry zapewni mu medialny rozg\u0142os, rozpoznawalno\u015b\u0107 marki, a tak\u017ce presti\u017c w browarniczym \u015brodowisku.<\/p>\n<h3 style=\"text-align: justify;\"><strong>Koszty<\/strong><\/h3>\n<div>Koszt zg\u0142oszenia 1 piwa to 300 z\u0142 netto.<\/div>\n<div>Zarejestrowani uczestnicy w ramach op\u0142aty konferencyjnej mog\u0105 zg\u0142osi\u0107 do 3 piw bezp\u0142atnie.<\/div>\n<h3 style=\"text-align: right;\"><a href=\"http:\/\/sztf.edu.pl\/2018\/konkurs\/regulamin\/\" target=\"_blank\" rel=\"noopener\"><strong>Przeczytaj Regulamin<\/strong><\/a><\/h3>\n<h3><strong>Jak zg\u0142osi\u0107 piwo<\/strong><\/h3>\n<p>Aby wzi\u0105\u0107 udzia\u0142 w konkursie i oficjalnie zg\u0142osi\u0107 uczestnictwo nale\u017cy wype\u0142ni\u0107 kr\u00f3tki formularz zg\u0142oszeniowy. Dalsze informacje b\u0119d\u0105 przesy\u0142ane na adres e-mail podany w formularzu.<\/p>\n<p><script type=\"text\/javascript\" src=\"https:\/\/form.jotformeu.com\/jsform\/80513510246345\"><\/script><\/p>\n<div style=\"margin: 20px 0;\"><div class=\"qrcswholewtapper\" style=\"text-align:left;\"><div class=\"qrcprowrapper\"  id=\"qrcwraa2leds\"><div class=\"qrc_canvass\" id=\"qrc_cuttenpages_2\" style=\"display:inline-block\" data-text=\"https:\/\/sztf.edu.pl\/2018\/konkurs\/\"><\/div><div><a download=\"Konkurs Piw Specjalnych.png\" class=\"qrcdownloads\" id=\"worign\">\r\n           <button type=\"button\" style=\"min-width:200px;background:#dddddd;color:#000;font-weight: 600;border: 1px solid #dddddd;border-radius:4px;font-size:12px;padding: 6px 0;\" class=\"uqr_code_btn\">Download QR<\/button>\r\n           <\/a><\/div><\/div><\/div><\/div>","protected":false},"excerpt":{"rendered":"<p>Uniwersytet Rolniczy w Krakowie oraz Komitet Organizacyjny XIX Szko\u0142y Technologii Fermentacji maj\u0105 zaszczyt zaprosi\u0107 Pa\u0144stwa na II KONKURS PIW SPECJALNYCH. Konkurs odb\u0119dzie si\u0119 w dniach:&#8230;<\/p>\n","protected":false},"author":3,"featured_media":0,"parent":0,"menu_order":0,"comment_status":"closed","ping_status":"closed","template":"","meta":{"_exactmetrics_skip_tracking":false,"_exactmetrics_sitenote_active":false,"_exactmetrics_sitenote_note":"","_exactmetrics_sitenote_category":0,"jetpack_post_was_ever_published":false,"footnotes":""},"class_list":["post-600","page","type-page","status-publish","hentry"],"jetpack_sharing_enabled":true,"jetpack_shortlink":"https:\/\/wp.me\/P98bIM-9G","jetpack-related-posts":[],"_links":{"self":[{"href":"https:\/\/sztf.edu.pl\/2018\/wp-json\/wp\/v2\/pages\/600","targetHints":{"allow":["GET"]}}],"collection":[{"href":"https:\/\/sztf.edu.pl\/2018\/wp-json\/wp\/v2\/pages"}],"about":[{"href":"https:\/\/sztf.edu.pl\/2018\/wp-json\/wp\/v2\/types\/page"}],"author":[{"embeddable":true,"href":"https:\/\/sztf.edu.pl\/2018\/wp-json\/wp\/v2\/users\/3"}],"replies":[{"embeddable":true,"href":"https:\/\/sztf.edu.pl\/2018\/wp-json\/wp\/v2\/comments?post=600"}],"version-history":[{"count":11,"href":"https:\/\/sztf.edu.pl\/2018\/wp-json\/wp\/v2\/pages\/600\/revisions"}],"predecessor-version":[{"id":602,"href":"https:\/\/sztf.edu.pl\/2018\/wp-json\/wp\/v2\/pages\/600\/revisions\/602"}],"wp:attachment":[{"href":"https:\/\/sztf.edu.pl\/2018\/wp-json\/wp\/v2\/media?parent=600"}],"curies":[{"name":"wp","href":"https:\/\/api.w.org\/{rel}","templated":true}]}}