{"id":605,"date":"2018-02-21T16:06:03","date_gmt":"2018-02-21T15:06:03","guid":{"rendered":"http:\/\/sztf.edu.pl\/2018\/?page_id=605"},"modified":"2018-02-21T18:03:54","modified_gmt":"2018-02-21T17:03:54","slug":"regulamin","status":"publish","type":"page","link":"https:\/\/sztf.edu.pl\/2018\/konkurs\/regulamin\/","title":{"rendered":"Regulamin Konkursu"},"content":{"rendered":"<p style=\"text-align: center;\"><strong><img data-recalc-dims=\"1\" decoding=\"async\" data-attachment-id=\"618\" data-permalink=\"https:\/\/sztf.edu.pl\/2018\/konkurs\/regulamin\/2konkurs-logo\/\" data-orig-file=\"https:\/\/i0.wp.com\/sztf.edu.pl\/2018\/wp-content\/uploads\/sites\/4\/2018\/02\/2konkurs-logo.png?fit=1691%2C1687&amp;ssl=1\" data-orig-size=\"1691,1687\" data-comments-opened=\"0\" data-image-meta=\"{&quot;aperture&quot;:&quot;0&quot;,&quot;credit&quot;:&quot;&quot;,&quot;camera&quot;:&quot;&quot;,&quot;caption&quot;:&quot;&quot;,&quot;created_timestamp&quot;:&quot;0&quot;,&quot;copyright&quot;:&quot;&quot;,&quot;focal_length&quot;:&quot;0&quot;,&quot;iso&quot;:&quot;0&quot;,&quot;shutter_speed&quot;:&quot;0&quot;,&quot;title&quot;:&quot;&quot;,&quot;orientation&quot;:&quot;0&quot;}\" data-image-title=\"2konkurs-logo\" data-image-description=\"\" data-image-caption=\"\" data-large-file=\"https:\/\/i0.wp.com\/sztf.edu.pl\/2018\/wp-content\/uploads\/sites\/4\/2018\/02\/2konkurs-logo.png?fit=1024%2C1022&amp;ssl=1\" class=\"wp-image-618 aligncenter\" src=\"https:\/\/i0.wp.com\/sztf.edu.pl\/2018\/wp-content\/uploads\/sites\/4\/2018\/02\/2konkurs-logo.png?resize=200%2C200\" alt=\"\" width=\"200\" height=\"200\" srcset=\"https:\/\/i0.wp.com\/sztf.edu.pl\/2018\/wp-content\/uploads\/sites\/4\/2018\/02\/2konkurs-logo.png?w=1691&amp;ssl=1 1691w, https:\/\/i0.wp.com\/sztf.edu.pl\/2018\/wp-content\/uploads\/sites\/4\/2018\/02\/2konkurs-logo.png?resize=150%2C150&amp;ssl=1 150w, https:\/\/i0.wp.com\/sztf.edu.pl\/2018\/wp-content\/uploads\/sites\/4\/2018\/02\/2konkurs-logo.png?resize=300%2C300&amp;ssl=1 300w, https:\/\/i0.wp.com\/sztf.edu.pl\/2018\/wp-content\/uploads\/sites\/4\/2018\/02\/2konkurs-logo.png?resize=768%2C766&amp;ssl=1 768w, https:\/\/i0.wp.com\/sztf.edu.pl\/2018\/wp-content\/uploads\/sites\/4\/2018\/02\/2konkurs-logo.png?resize=1024%2C1022&amp;ssl=1 1024w\" sizes=\"(max-width: 200px) 100vw, 200px\" \/>(v.1.0 z dnia 01.02.2018)<\/strong><\/p>\n<h3 style=\"text-align: center;\"><strong>II OG\u00d3LNOPOLSKI KONKURSU PIW SPECJALNYCH<\/strong><\/h3>\n<h3 style=\"text-align: center;\"><strong>REGULAMIN<\/strong><\/h3>\n<ol>\n<li>Organizatorem Konkursu jest Uniwersytet Rolniczy w Krakowie, a nadz\u00f3r merytoryczny sprawuje firma FlavorActiV.<\/li>\n<li><strong>Konkurs odb\u0119dzie si\u0119 w dniach: 15-16 maja 2018 r. w Hotelu Kocierz<\/strong> (Targanice, gm. Andrych\u00f3w).<\/li>\n<li>Uczestnikami konkursu s\u0105 browary (przedsi\u0119biorcy prowadz\u0105cy dzia\u0142alno\u015b\u0107 gospodarcz\u0105 polegaj\u0105c\u0105 na produkcji piwa).<\/li>\n<li>Uczestnik mo\u017ce zg\u0142osi\u0107 dowoln\u0105 ilo\u015b\u0107 piw, wype\u0142niaj\u0105c dla ka\u017cdego z nich osobny formularz zg\u0142oszeniowy (dost\u0119pny na stronie <strong><a href=\"http:\/\/sztf.edu.pl\/2018\/konkurs\">sztf.edu.pl<\/a><\/strong>)<\/li>\n<li><strong>Wype\u0142niony formularz nale\u017cy zatwierdzi\u0107 w terminie do 20.04.2018r<\/strong><\/li>\n<li>Uczestnik otrzyma potwierdzenie zg\u0142oszenia piwa na wskazany przez siebie adres e-mail<\/li>\n<li>Piwa w ilo\u015bci min. 4,5 litra (9x500ml lub odpowiadaj\u0105c\u0105 ilo\u015b\u0107 sztuk mniejszego wolumenu) nale\u017cy dostarczy\u0107 pod wskazany adres: Hotel Kocierz, ul. Beskidzka 206, 34-120 Targanice w terminie do 13.05.2018r<\/li>\n<li>Koszt zg\u0142oszenia ka\u017cdego piwa do Konkursu wynosi 300 z\u0142 netto<\/li>\n<li>Ka\u017cda Osoba zarejestrowana w XIX Szkole Technologii Fermentacji mo\u017ce bezp\u0142atnie zg\u0142osi\u0107 <strong>maksymalnie 3 piwa wytworzone przez browar, kt\u00f3ry reprezentuje<\/strong>.<\/li>\n<li>Wszelkie op\u0142aty zwi\u0105zane z udzia\u0142em w Konkursie nie podlegaj\u0105 zwrotowi.<\/li>\n<li>Laureaci poszczeg\u00f3lnych kategorii zostan\u0105 og\u0142oszeni podczas uroczystej kolacji w trakcie XIX Szko\u0142y Technologii Fermentacji, w dniu 17.05.2018.<\/li>\n<li>Zg\u0142oszone piwa b\u0119d\u0105 oceniane w <strong>3 kategoriach<\/strong>:\n<ol>\n<li>Grodziskie,<\/li>\n<li>Porter Ba\u0142tycki,<\/li>\n<li>Kwa\u015bne.<\/li>\n<\/ol>\n<\/li>\n<li>W ka\u017cdej kategorii przyznane zostan\u0105: I, II i III miejsce. W przypadku gdy do danej kategorii zg\u0142oszonych b\u0119dzie mniej ni\u017c 4 piwa wskazane zostanie tylko I-miejsce.<\/li>\n<li>Nagrod\u0105 za zaj\u0119cie I II i III miejsca w ka\u017cdej kategorii b\u0119d\u0105 medale. Ponadto Komisja spo\u015br\u00f3d wszystkich zg\u0142oszonych piw wska\u017ce Laureata II Og\u00f3lnopolskiego Konkursu Piw Specjalnych, kt\u00f3remu wr\u0119czony zostanie Puchar Polski oraz tytu\u0142 Pioniera Browarnictwa 2018.<\/li>\n<li>Nad prawid\u0142owym przebiegiem rywalizacji czuwa\u0107 b\u0119dzie Komisja Konkursowa, pod przewodnictwem dr Borisa Gadzova, dyrektora firmy FlavorActiV.<\/li>\n<li>S\u0119dzi\u0105 w konkursie mo\u017ce by\u0107 wy\u0142\u0105cznie Osoba posiadaj\u0105ca odpowiednie kwalifikacje. Za dob\u00f3r sk\u0142adu s\u0119dziowskiego odpowiada firma FlavorActiV.<\/li>\n<li>Panel oceniaj\u0105cy b\u0119dzie udzia\u0142 w bezp\u0142atnym specjalistycznym szkoleniu przeprowadzonym przez firm\u0119 FlavorActiv bezpo\u015brednio przed Konkursem.<\/li>\n<li>Organizatorzy zastrzegaj\u0105 sobie prawo do zmiany zasad Regulaminu w przypadku wyst\u0105pienia nieprzewidzianych okoliczno\u015bci.<\/li>\n<li>W przypadku wyst\u0105pienia zmian, aktualna wersja regulaminu udost\u0119pniona b\u0119dzie niezw\u0142ocznie na stronie <strong>sztf.edu.pl<\/strong>.<\/li>\n<li style=\"list-style-type: none;\"><\/li>\n<\/ol>\n<div style=\"margin: 20px 0;\"><div class=\"qrcswholewtapper\" style=\"text-align:left;\"><div class=\"qrcprowrapper\"  id=\"qrcwraa2leds\"><div class=\"qrc_canvass\" id=\"qrc_cuttenpages_2\" style=\"display:inline-block\" data-text=\"https:\/\/sztf.edu.pl\/2018\/konkurs\/regulamin\/\"><\/div><div><a download=\"Regulamin Konkursu.png\" class=\"qrcdownloads\" id=\"worign\">\r\n           <button type=\"button\" style=\"min-width:200px;background:#dddddd;color:#000;font-weight: 600;border: 1px solid #dddddd;border-radius:4px;font-size:12px;padding: 6px 0;\" class=\"uqr_code_btn\">Download QR<\/button>\r\n           <\/a><\/div><\/div><\/div><\/div>","protected":false},"excerpt":{"rendered":"<p>(v.1.0 z dnia 01.02.2018) II OG\u00d3LNOPOLSKI KONKURSU PIW SPECJALNYCH REGULAMIN Organizatorem Konkursu jest Uniwersytet Rolniczy w Krakowie, a nadz\u00f3r merytoryczny sprawuje firma FlavorActiV. Konkurs odb\u0119dzie&#8230;<\/p>\n","protected":false},"author":3,"featured_media":0,"parent":600,"menu_order":0,"comment_status":"closed","ping_status":"closed","template":"page-template-fullwidth.php","meta":{"_exactmetrics_skip_tracking":false,"_exactmetrics_sitenote_active":false,"_exactmetrics_sitenote_note":"","_exactmetrics_sitenote_category":0,"jetpack_post_was_ever_published":false,"footnotes":""},"class_list":["post-605","page","type-page","status-publish","hentry"],"jetpack_sharing_enabled":true,"jetpack_shortlink":"https:\/\/wp.me\/P98bIM-9L","jetpack-related-posts":[],"_links":{"self":[{"href":"https:\/\/sztf.edu.pl\/2018\/wp-json\/wp\/v2\/pages\/605","targetHints":{"allow":["GET"]}}],"collection":[{"href":"https:\/\/sztf.edu.pl\/2018\/wp-json\/wp\/v2\/pages"}],"about":[{"href":"https:\/\/sztf.edu.pl\/2018\/wp-json\/wp\/v2\/types\/page"}],"author":[{"embeddable":true,"href":"https:\/\/sztf.edu.pl\/2018\/wp-json\/wp\/v2\/users\/3"}],"replies":[{"embeddable":true,"href":"https:\/\/sztf.edu.pl\/2018\/wp-json\/wp\/v2\/comments?post=605"}],"version-history":[{"count":6,"href":"https:\/\/sztf.edu.pl\/2018\/wp-json\/wp\/v2\/pages\/605\/revisions"}],"predecessor-version":[{"id":619,"href":"https:\/\/sztf.edu.pl\/2018\/wp-json\/wp\/v2\/pages\/605\/revisions\/619"}],"up":[{"embeddable":true,"href":"https:\/\/sztf.edu.pl\/2018\/wp-json\/wp\/v2\/pages\/600"}],"wp:attachment":[{"href":"https:\/\/sztf.edu.pl\/2018\/wp-json\/wp\/v2\/media?parent=605"}],"curies":[{"name":"wp","href":"https:\/\/api.w.org\/{rel}","templated":true}]}}