{"id":694,"date":"2018-03-19T09:18:16","date_gmt":"2018-03-19T08:18:16","guid":{"rendered":"http:\/\/sztf.edu.pl\/2018\/?page_id=694"},"modified":"2018-04-16T00:17:57","modified_gmt":"2018-04-15T22:17:57","slug":"oplaty","status":"publish","type":"page","link":"https:\/\/sztf.edu.pl\/2018\/rejestracja\/oplaty\/","title":{"rendered":"Op\u0142aty"},"content":{"rendered":"<h4>Op\u0142ata rejestracynej za udzia\u0142 w konferencji podawany jest w przeliczeniu na jedn\u0105 osob\u0119 i zale\u017cy od wybranego typu noclegu.<\/h4>\n<h4>Poni\u017csze ceny obowi\u0105zuj\u0105 dla rejestracji wczesnych (zg\u0142oszenie udzia\u0142u do dnia 19.04.2018):<\/h4>\n<table>\n<tbody>\n<tr>\n<td width=\"150\">\n<h4><strong>nocleg w pokoju 1 osobowym<\/strong><\/h4>\n<\/td>\n<td width=\"150\">\n<h4><strong>nocleg w pokoju 2 osobowym<\/strong><\/h4>\n<\/td>\n<td width=\"150\">\n<h4><strong>nocleg w pokoju 3 osobowym<\/strong><\/h4>\n<\/td>\n<\/tr>\n<tr>\n<td width=\"150\">\n<h4><strong>2150 z\u0142 + VAT<\/strong><\/h4>\n<\/td>\n<td width=\"150\">\n<h4><strong>1550 z\u0142 + VAT<\/strong><\/h4>\n<\/td>\n<td width=\"150\">\n<h4><strong>990 z\u0142 + VAT<\/strong><\/h4>\n<\/td>\n<\/tr>\n<\/tbody>\n<\/table>\n<h4>Zg\u0142oszenia dokonane od dnia 20.04.2018 podlegaj\u0105 op\u0142acie standardowej (wy\u017csza o 30% w stosunku do rejestracji wczesnych), kt\u00f3ra wynosi odpowiedni odpowiednio:<\/h4>\n<h4>2795,00 z\u0142<\/h4>\n<h4>2015,00 z\u0142<\/h4>\n<h4>1287,00 z\u0142<\/h4>\n<h4>dla nocleg\u00f3w w pokoju 1-; 2-; 3-osobowym.<\/h4>\n<h4><strong>Op\u0142ata rejestracyjna obejmuje:<\/strong><\/h4>\n<ul>\n<li class=\"gmail_default\">\n<h4>2 noclegi<\/h4>\n<\/li>\n<li class=\"gmail_default\">\n<h4>pe\u0142ne wy\u017cywienie (od obiadu\u00a0w dniu 16.05.2018 do \u015bniadania w dniu\u00a018.05.2018)<\/h4>\n<\/li>\n<li class=\"gmail_default\">\n<h4>materia\u0142y konferencyjne (ksi\u0105\u017cka monograficzna, gad\u017cety, pami\u0105tkowy kufel)<\/h4>\n<\/li>\n<li class=\"gmail_default\">\n<h4>udzia\u0142 w wyk\u0142adach<\/h4>\n<\/li>\n<li class=\"gmail_default\">\n<h4>udzia\u0142 w zwiedzaniu Browaru \u017bywiec<\/h4>\n<\/li>\n<li class=\"gmail_default\">\n<h4>udzia\u0142 w spotkaniach towarzyskich w klubie K2 (degustacja piwa, przek\u0105ski)<\/h4>\n<\/li>\n<\/ul>\n<h4>\u2756 Autorzy zakwalifikowani do prezentacji ustnej, kt\u00f3rzy przygotuj\u0105 artyku\u0142 do monografii zwolnieni s\u0105 z op\u0142aty konferencyjnej.<br \/>\n\u2756 Doktoranci zakwalifikowani do prezentacji w formie poster\u00f3w uzyskuj\u0105 50% zni\u017cki na op\u0142at\u0119 konferencyjn\u0105.<\/h4>\n<div style=\"margin: 20px 0;\"><div class=\"qrcswholewtapper\" style=\"text-align:left;\"><div class=\"qrcprowrapper\"  id=\"qrcwraa2leds\"><div class=\"qrc_canvass\" id=\"qrc_cuttenpages_2\" style=\"display:inline-block\" data-text=\"https:\/\/sztf.edu.pl\/2018\/rejestracja\/oplaty\/\"><\/div><div><a download=\"Op\u0142aty.png\" class=\"qrcdownloads\" id=\"worign\">\r\n           <button type=\"button\" style=\"min-width:200px;background:#dddddd;color:#000;font-weight: 600;border: 1px solid #dddddd;border-radius:4px;font-size:12px;padding: 6px 0;\" class=\"uqr_code_btn\">Download QR<\/button>\r\n           <\/a><\/div><\/div><\/div><\/div>","protected":false},"excerpt":{"rendered":"<p>Op\u0142ata rejestracynej za udzia\u0142 w konferencji podawany jest w przeliczeniu na jedn\u0105 osob\u0119 i zale\u017cy od wybranego typu noclegu. Poni\u017csze ceny obowi\u0105zuj\u0105 dla rejestracji wczesnych&#8230;<\/p>\n","protected":false},"author":3,"featured_media":0,"parent":216,"menu_order":0,"comment_status":"closed","ping_status":"closed","template":"","meta":{"_exactmetrics_skip_tracking":false,"_exactmetrics_sitenote_active":false,"_exactmetrics_sitenote_note":"","_exactmetrics_sitenote_category":0,"jetpack_post_was_ever_published":false,"footnotes":""},"class_list":["post-694","page","type-page","status-publish","hentry"],"jetpack_sharing_enabled":true,"jetpack_shortlink":"https:\/\/wp.me\/P98bIM-bc","jetpack-related-posts":[],"_links":{"self":[{"href":"https:\/\/sztf.edu.pl\/2018\/wp-json\/wp\/v2\/pages\/694","targetHints":{"allow":["GET"]}}],"collection":[{"href":"https:\/\/sztf.edu.pl\/2018\/wp-json\/wp\/v2\/pages"}],"about":[{"href":"https:\/\/sztf.edu.pl\/2018\/wp-json\/wp\/v2\/types\/page"}],"author":[{"embeddable":true,"href":"https:\/\/sztf.edu.pl\/2018\/wp-json\/wp\/v2\/users\/3"}],"replies":[{"embeddable":true,"href":"https:\/\/sztf.edu.pl\/2018\/wp-json\/wp\/v2\/comments?post=694"}],"version-history":[{"count":9,"href":"https:\/\/sztf.edu.pl\/2018\/wp-json\/wp\/v2\/pages\/694\/revisions"}],"predecessor-version":[{"id":914,"href":"https:\/\/sztf.edu.pl\/2018\/wp-json\/wp\/v2\/pages\/694\/revisions\/914"}],"up":[{"embeddable":true,"href":"https:\/\/sztf.edu.pl\/2018\/wp-json\/wp\/v2\/pages\/216"}],"wp:attachment":[{"href":"https:\/\/sztf.edu.pl\/2018\/wp-json\/wp\/v2\/media?parent=694"}],"curies":[{"name":"wp","href":"https:\/\/api.w.org\/{rel}","templated":true}]}}