{"id":697,"date":"2018-03-19T09:35:11","date_gmt":"2018-03-19T08:35:11","guid":{"rendered":"http:\/\/sztf.edu.pl\/2018\/?page_id=697"},"modified":"2018-04-16T00:18:21","modified_gmt":"2018-04-15T22:18:21","slug":"fees","status":"publish","type":"page","link":"https:\/\/sztf.edu.pl\/2018\/en\/registration\/fees\/","title":{"rendered":"Fees"},"content":{"rendered":"<table>\n<tbody>\n<tr>\n<td width=\"150\">\n<h4><strong>Single room<\/strong><\/h4>\n<\/td>\n<td width=\"150\">\n<h4><strong>Double room<\/strong><\/h4>\n<\/td>\n<td width=\"150\">\n<h4><strong>Triple room<\/strong><\/h4>\n<\/td>\n<\/tr>\n<tr>\n<td width=\"150\">\n<h4><strong>*2150 z\u0142 + VAT<\/strong><\/h4>\n<\/td>\n<td width=\"150\">\n<h4><strong>*1550 z\u0142 + VAT<\/strong><\/h4>\n<\/td>\n<td width=\"150\">\n<h4><strong>*990 z\u0142 + VAT<\/strong><\/h4>\n<\/td>\n<\/tr>\n<\/tbody>\n<\/table>\n<h4>*early bird registration &#8211; until the 19th April 2018<\/h4>\n<h4>Standard registration from 20th Apr 2018 is 30% extra (respectively: 2795PLN, 2015PLN, 1287PLN + VAT).<\/h4>\n<h4><strong>Fees include:<\/strong><\/h4>\n<ul>\n<li>\n<h4>2 nights in a single, double, or triple room (the conference fee depends on your room choice)<\/h4>\n<\/li>\n<li>\n<h4>full board (from lunch on 16.05 to breakfast on 18.05)<\/h4>\n<\/li>\n<li class=\"gmail_default\">\n<h4>conference materials (conference publication, gadgets, commemorative beer glass)<\/h4>\n<\/li>\n<li class=\"gmail_default\">\n<h4>participation in all lectures<\/h4>\n<\/li>\n<li class=\"gmail_default\">\n<h4>participation in the visit to the \u017bywiec Brewery<\/h4>\n<\/li>\n<li class=\"gmail_default\">\n<h4>participation in social events at Club K2 (beer tasting and snacks)<\/h4>\n<\/li>\n<\/ul>\n<h4>\u2756 Authors of oral presentation who submit a paper for the book get a 100% registration fee waiver.<\/h4>\n<h4>\u2756 Young sicientists\u00a0who submit a poster presentation (MSc students, PhD students) receive a 50% registration fee waiver.<\/h4>\n<div style=\"margin: 20px 0;\"><div class=\"qrcswholewtapper\" style=\"text-align:left;\"><div class=\"qrcprowrapper\"  id=\"qrcwraa2leds\"><div class=\"qrc_canvass\" id=\"qrc_cuttenpages_2\" style=\"display:inline-block\" data-text=\"https:\/\/sztf.edu.pl\/2018\/en\/registration\/fees\/\"><\/div><div><a download=\"Fees.png\" class=\"qrcdownloads\" id=\"worign\">\r\n           <button type=\"button\" style=\"min-width:200px;background:#dddddd;color:#000;font-weight: 600;border: 1px solid #dddddd;border-radius:4px;font-size:12px;padding: 6px 0;\" class=\"uqr_code_btn\">Download QR<\/button>\r\n           <\/a><\/div><\/div><\/div><\/div>","protected":false},"excerpt":{"rendered":"<p>Single room Double room Triple room *2150 z\u0142 + VAT *1550 z\u0142 + VAT *990 z\u0142 + VAT *early bird registration &#8211; until the 19th&#8230;<\/p>\n","protected":false},"author":3,"featured_media":0,"parent":218,"menu_order":0,"comment_status":"closed","ping_status":"closed","template":"","meta":{"_exactmetrics_skip_tracking":false,"_exactmetrics_sitenote_active":false,"_exactmetrics_sitenote_note":"","_exactmetrics_sitenote_category":0,"jetpack_post_was_ever_published":false,"footnotes":""},"class_list":["post-697","page","type-page","status-publish","hentry"],"jetpack_sharing_enabled":true,"jetpack_shortlink":"https:\/\/wp.me\/P98bIM-bf","jetpack-related-posts":[],"_links":{"self":[{"href":"https:\/\/sztf.edu.pl\/2018\/wp-json\/wp\/v2\/pages\/697","targetHints":{"allow":["GET"]}}],"collection":[{"href":"https:\/\/sztf.edu.pl\/2018\/wp-json\/wp\/v2\/pages"}],"about":[{"href":"https:\/\/sztf.edu.pl\/2018\/wp-json\/wp\/v2\/types\/page"}],"author":[{"embeddable":true,"href":"https:\/\/sztf.edu.pl\/2018\/wp-json\/wp\/v2\/users\/3"}],"replies":[{"embeddable":true,"href":"https:\/\/sztf.edu.pl\/2018\/wp-json\/wp\/v2\/comments?post=697"}],"version-history":[{"count":8,"href":"https:\/\/sztf.edu.pl\/2018\/wp-json\/wp\/v2\/pages\/697\/revisions"}],"predecessor-version":[{"id":915,"href":"https:\/\/sztf.edu.pl\/2018\/wp-json\/wp\/v2\/pages\/697\/revisions\/915"}],"up":[{"embeddable":true,"href":"https:\/\/sztf.edu.pl\/2018\/wp-json\/wp\/v2\/pages\/218"}],"wp:attachment":[{"href":"https:\/\/sztf.edu.pl\/2018\/wp-json\/wp\/v2\/media?parent=697"}],"curies":[{"name":"wp","href":"https:\/\/api.w.org\/{rel}","templated":true}]}}