{"id":38,"date":"2019-08-05T15:43:36","date_gmt":"2019-08-05T13:43:36","guid":{"rendered":"https:\/\/sztf.edu.pl\/2020\/?page_id=38"},"modified":"2022-02-01T19:51:21","modified_gmt":"2022-02-01T18:51:21","slug":"zgloszenie-streszczenia","status":"publish","type":"page","link":"https:\/\/sztf.edu.pl\/2022\/zgloszenie-streszczenia\/","title":{"rendered":"ZG\u0141OSZENIE STRESZCZENIA"},"content":{"rendered":"\t\t<div data-elementor-type=\"wp-post\" data-elementor-id=\"38\" class=\"elementor elementor-38\">\n\t\t\t\t\t\t<section class=\"elementor-section elementor-top-section elementor-element elementor-element-ed0e73f elementor-section-boxed elementor-section-height-default elementor-section-height-default wpr-particle-no wpr-jarallax-no wpr-parallax-no wpr-sticky-section-no wpr-equal-height-no\" data-id=\"ed0e73f\" data-element_type=\"section\" data-e-type=\"section\">\n\t\t\t\t\t\t<div class=\"elementor-container elementor-column-gap-default\">\n\t\t\t\t\t<div class=\"elementor-column elementor-col-100 elementor-top-column elementor-element elementor-element-11d75dd\" data-id=\"11d75dd\" data-element_type=\"column\" data-e-type=\"column\">\n\t\t\t<div class=\"elementor-widget-wrap elementor-element-populated\">\n\t\t\t\t\t\t<div class=\"elementor-element elementor-element-3cb16f8 elementor-widget elementor-widget-heading\" data-id=\"3cb16f8\" data-element_type=\"widget\" data-e-type=\"widget\" data-widget_type=\"heading.default\">\n\t\t\t\t<div class=\"elementor-widget-container\">\n\t\t\t\t\t<h2 class=\"elementor-heading-title elementor-size-default\">ZG\u0141OSZENIE STRESZCZENIA<\/h2>\t\t\t\t<\/div>\n\t\t\t\t<\/div>\n\t\t\t\t\t<\/div>\n\t\t<\/div>\n\t\t\t\t\t<\/div>\n\t\t<\/section>\n\t\t\t\t<section class=\"elementor-section elementor-top-section elementor-element elementor-element-5779239 elementor-section-boxed elementor-section-height-default elementor-section-height-default wpr-particle-no wpr-jarallax-no wpr-parallax-no wpr-sticky-section-no wpr-equal-height-no\" data-id=\"5779239\" data-element_type=\"section\" data-e-type=\"section\">\n\t\t\t\t\t\t<div class=\"elementor-container elementor-column-gap-default\">\n\t\t\t\t\t<div class=\"elementor-column elementor-col-100 elementor-top-column elementor-element elementor-element-63eee41\" data-id=\"63eee41\" data-element_type=\"column\" data-e-type=\"column\">\n\t\t\t<div class=\"elementor-widget-wrap elementor-element-populated\">\n\t\t\t\t\t\t<div class=\"elementor-element elementor-element-b495df0 elementor-widget elementor-widget-text-editor\" data-id=\"b495df0\" data-element_type=\"widget\" data-e-type=\"widget\" data-widget_type=\"text-editor.default\">\n\t\t\t\t<div class=\"elementor-widget-container\">\n\t\t\t\t\t\t\t\t\t<h3><strong>G\u0141\u00d3WNY\u00a0TEMAT: Post\u0119py w technologii browarniczej i s\u0142odowniczej<\/strong><\/h3><p><strong>Informacja dla autor\u00f3w artyku\u0142\u00f3w do monografii<br \/><\/strong><\/p><p>Tekst artyku\u0142u powinien by\u0107 przygotowany\u00a0zgodnie z szablonem dost\u0119pnym tutaj:\u00a0<strong><a href=\"https:\/\/sztf.edu.pl\/2020\/wp-content\/uploads\/sites\/8\/2019\/10\/SzTF-article-template-add-first-author-last-name-here.docx\">SzTF \u2013 article template \u2013 add first author last name here<\/a><\/strong>\u00a0i przes\u0142any na adres\u00a0<strong>info@sztf.edu.pl<\/strong> najp\u00f3\u017aniej do dnia\u00a0<strong>5 kwietnia. <\/strong>Nie ma g\u00f3rnej granicy obj\u0119to\u015bci tekstu natomiast miminalnie artyku\u0142 powinien sk\u0142ada\u0107 si\u0119 z 20 000 znak\u00f3w ze spacjami.<\/p>\t\t\t\t\t\t\t\t<\/div>\n\t\t\t\t<\/div>\n\t\t\t\t\t<\/div>\n\t\t<\/div>\n\t\t\t\t\t<\/div>\n\t\t<\/section>\n\t\t\t\t<section class=\"elementor-section elementor-top-section elementor-element elementor-element-a2a0f4d elementor-section-boxed elementor-section-height-default elementor-section-height-default wpr-particle-no wpr-jarallax-no wpr-parallax-no wpr-sticky-section-no wpr-equal-height-no\" data-id=\"a2a0f4d\" data-element_type=\"section\" data-e-type=\"section\">\n\t\t\t\t\t\t<div class=\"elementor-container elementor-column-gap-default\">\n\t\t\t\t\t<div class=\"elementor-column elementor-col-100 elementor-top-column elementor-element elementor-element-18e28e2\" data-id=\"18e28e2\" data-element_type=\"column\" data-e-type=\"column\">\n\t\t\t<div class=\"elementor-widget-wrap elementor-element-populated\">\n\t\t\t\t\t\t<div class=\"elementor-element elementor-element-4165748 elementor-widget elementor-widget-html\" data-id=\"4165748\" data-element_type=\"widget\" data-e-type=\"widget\" data-widget_type=\"html.default\">\n\t\t\t\t<div class=\"elementor-widget-container\">\n\t\t\t\t\t<script type=\"text\/javascript\" src=\"https:\/\/form.jotformeu.com\/jsform\/80063633487358\"><\/script>\t\t\t\t<\/div>\n\t\t\t\t<\/div>\n\t\t\t\t\t<\/div>\n\t\t<\/div>\n\t\t\t\t\t<\/div>\n\t\t<\/section>\n\t\t\t\t<\/div>\n\t\t<div style=\"margin: 20px 0;\"><div class=\"qrcswholewtapper\" style=\"text-align:left;\"><div class=\"qrcprowrapper\"  id=\"qrcwraa2leds\"><div class=\"qrc_canvass\" id=\"qrc_cuttenpages_2\" style=\"display:inline-block\" data-text=\"https:\/\/sztf.edu.pl\/2022\/zgloszenie-streszczenia\/\"><\/div><div><a download=\"ZG\u0141OSZENIE STRESZCZENIA.png\" class=\"qrcdownloads\" id=\"worign\">\r\n           <button type=\"button\" style=\"min-width:200px;background:#dddddd;color:#000;font-weight: 600;border: 1px solid #dddddd;border-radius:4px;font-size:12px;padding: 6px 0;\" class=\"uqr_code_btn\">Download QR<\/button>\r\n           <\/a><\/div><\/div><\/div><\/div>","protected":false},"excerpt":{"rendered":"<p>ZG\u0141OSZENIE STRESZCZENIA G\u0141\u00d3WNY\u00a0TEMAT: Post\u0119py w technologii browarniczej i s\u0142odowniczej Informacja dla autor\u00f3w artyku\u0142\u00f3w do monografii Tekst artyku\u0142u powinien by\u0107 przygotowany\u00a0zgodnie z szablonem dost\u0119pnym tutaj:\u00a0SzTF \u2013 article template \u2013 add first author last name here\u00a0i przes\u0142any na adres\u00a0info@sztf.edu.pl najp\u00f3\u017aniej do dnia\u00a05 kwietnia. Nie ma g\u00f3rnej granicy obj\u0119to\u015bci tekstu natomiast miminalnie artyku\u0142 powinien sk\u0142ada\u0107 si\u0119 z 20 000 znak\u00f3w ze spacjami. Download QR<\/p>\n","protected":false},"author":3,"featured_media":0,"parent":0,"menu_order":0,"comment_status":"closed","ping_status":"closed","template":"elementor_header_footer","meta":{"_exactmetrics_skip_tracking":false,"_exactmetrics_sitenote_active":false,"_exactmetrics_sitenote_note":"","_exactmetrics_sitenote_category":0,"footnotes":""},"class_list":["post-38","page","type-page","status-publish","hentry"],"jetpack_sharing_enabled":true,"_links":{"self":[{"href":"https:\/\/sztf.edu.pl\/2022\/wp-json\/wp\/v2\/pages\/38","targetHints":{"allow":["GET"]}}],"collection":[{"href":"https:\/\/sztf.edu.pl\/2022\/wp-json\/wp\/v2\/pages"}],"about":[{"href":"https:\/\/sztf.edu.pl\/2022\/wp-json\/wp\/v2\/types\/page"}],"author":[{"embeddable":true,"href":"https:\/\/sztf.edu.pl\/2022\/wp-json\/wp\/v2\/users\/3"}],"replies":[{"embeddable":true,"href":"https:\/\/sztf.edu.pl\/2022\/wp-json\/wp\/v2\/comments?post=38"}],"version-history":[{"count":11,"href":"https:\/\/sztf.edu.pl\/2022\/wp-json\/wp\/v2\/pages\/38\/revisions"}],"predecessor-version":[{"id":797,"href":"https:\/\/sztf.edu.pl\/2022\/wp-json\/wp\/v2\/pages\/38\/revisions\/797"}],"wp:attachment":[{"href":"https:\/\/sztf.edu.pl\/2022\/wp-json\/wp\/v2\/media?parent=38"}],"curies":[{"name":"wp","href":"https:\/\/api.w.org\/{rel}","templated":true}]}}