{"id":128,"date":"2019-08-22T12:12:21","date_gmt":"2019-08-22T10:12:21","guid":{"rendered":"https:\/\/sztf.edu.pl\/2020\/?page_id=128"},"modified":"2024-04-25T19:05:30","modified_gmt":"2024-04-25T17:05:30","slug":"registration","status":"publish","type":"page","link":"https:\/\/sztf.edu.pl\/2024\/en\/registration\/","title":{"rendered":"Registration"},"content":{"rendered":"\t\t<div data-elementor-type=\"wp-post\" data-elementor-id=\"128\" class=\"elementor elementor-128\">\n\t\t\t\t\t\t<section class=\"elementor-section elementor-top-section elementor-element elementor-element-63ae371 elementor-section-boxed elementor-section-height-default elementor-section-height-default wpr-particle-no wpr-jarallax-no wpr-parallax-no wpr-sticky-section-no wpr-equal-height-no\" data-id=\"63ae371\" data-element_type=\"section\" data-e-type=\"section\">\n\t\t\t\t\t\t<div class=\"elementor-container elementor-column-gap-default\">\n\t\t\t\t\t<div class=\"elementor-column elementor-col-100 elementor-top-column elementor-element elementor-element-f3c5059\" data-id=\"f3c5059\" data-element_type=\"column\" data-e-type=\"column\">\n\t\t\t<div class=\"elementor-widget-wrap elementor-element-populated\">\n\t\t\t\t\t\t<div class=\"elementor-element elementor-element-36e4af00 elementor-widget elementor-widget-text-editor\" data-id=\"36e4af00\" data-element_type=\"widget\" data-e-type=\"widget\" data-widget_type=\"text-editor.default\">\n\t\t\t\t<div class=\"elementor-widget-container\">\n\t\t\t\t\t\t\t\t\t\n<pre class=\"wp-block-code\"><code><\/code><\/pre>\n\t\t\t\t\t\t\t\t<\/div>\n\t\t\t\t<\/div>\n\t\t\t\t\t<\/div>\n\t\t<\/div>\n\t\t\t\t\t<\/div>\n\t\t<\/section>\n\t\t\t\t<section class=\"elementor-section elementor-top-section elementor-element elementor-element-0003968 elementor-section-boxed elementor-section-height-default elementor-section-height-default wpr-particle-no wpr-jarallax-no wpr-parallax-no wpr-sticky-section-no wpr-equal-height-no\" data-id=\"0003968\" data-element_type=\"section\" data-e-type=\"section\">\n\t\t\t\t\t\t<div class=\"elementor-container elementor-column-gap-default\">\n\t\t\t\t\t<div class=\"elementor-column elementor-col-100 elementor-top-column elementor-element elementor-element-3fd93ce\" data-id=\"3fd93ce\" data-element_type=\"column\" data-e-type=\"column\">\n\t\t\t<div class=\"elementor-widget-wrap elementor-element-populated\">\n\t\t\t\t\t\t<div class=\"elementor-element elementor-element-863fa27 elementor-widget elementor-widget-heading\" data-id=\"863fa27\" data-element_type=\"widget\" data-e-type=\"widget\" data-widget_type=\"heading.default\">\n\t\t\t\t<div class=\"elementor-widget-container\">\n\t\t\t\t\t<h2 class=\"elementor-heading-title elementor-size-default\">REGISTRATION<\/h2>\t\t\t\t<\/div>\n\t\t\t\t<\/div>\n\t\t\t\t<div class=\"elementor-element elementor-element-892ddbf elementor-widget elementor-widget-spacer\" data-id=\"892ddbf\" data-element_type=\"widget\" data-e-type=\"widget\" data-widget_type=\"spacer.default\">\n\t\t\t\t<div class=\"elementor-widget-container\">\n\t\t\t\t\t\t\t<div class=\"elementor-spacer\">\n\t\t\t<div class=\"elementor-spacer-inner\"><\/div>\n\t\t<\/div>\n\t\t\t\t\t\t<\/div>\n\t\t\t\t<\/div>\n\t\t\t\t<div class=\"elementor-element elementor-element-8bb3c45 elementor-widget elementor-widget-text-editor\" data-id=\"8bb3c45\" data-element_type=\"widget\" data-e-type=\"widget\" data-widget_type=\"text-editor.default\">\n\t\t\t\t<div class=\"elementor-widget-container\">\n\t\t\t\t\t\t\t\t\t<h4>Ladies and Gentlemen,<\/h4>\n<h4>The registration system has been temporarily suspended, if you wish to participate in the 21st School of Fermentation Technology, please send your application by e-mail to the following address: <span style=\"text-decoration: underline;\">info@sztf.edu.pl<\/span>, specifying:<\/h4>\n<ul>\n<li>Name and surname of participant(s), e-mail address,<\/li>\n<li>type of accommodation (1, 2 or 3-person room),<\/li>\n<li>type of diet (standard \/ vegetarian)<\/li>\n<\/ul>\n<h4>Additionally, please let us know whether participants will take part in:<\/h4>\n<ul>\n<li>Marjot workshops (8\/05\/2024 10:30-13:30)<\/li>\n<li>visiting the \u017bywiec Brewery, the G\u00f3rniczo-Hutniczy Brewery in Krak\u00f3w or the Kazimierz Brewery (May 10, 2024)<\/li>\n<\/ul>\n<h4><br \/>If the indicated rooms are available, we will confirm your registration by e-mail.<\/h4>\n<h4>If you have any questions, please call\/Whastup 791 738 038.<\/h4>\n<p>\u00a0<\/p>\n<h4>The Organizing Committee<br \/>21st School of Fermentation Technology<\/h4>\t\t\t\t\t\t\t\t<\/div>\n\t\t\t\t<\/div>\n\t\t\t\t<div class=\"elementor-element elementor-element-5e974f5 elementor-widget elementor-widget-html\" data-id=\"5e974f5\" data-element_type=\"widget\" data-e-type=\"widget\" data-widget_type=\"html.default\">\n\t\t\t\t<div class=\"elementor-widget-container\">\n\t\t\t\t\t<iframe\n      id=\"JotFormIFrame-72995482230361\"\n      title=\"SzTF Rejestracja\"\n      onload=\"window.parent.scrollTo(0,0)\"\n      allowtransparency=\"true\"\n      allowfullscreen=\"true\"\n      allow=\"geolocation; microphone; camera\"\n      src=\"https:\/\/form.jotform.com\/sztf\/sztf-rejestracja\"\n      frameborder=\"0\"\n      style=\"min-width:100%;max-width:100%;height:539px;border:none;\"\n      scrolling=\"no\"\n    >\n    <\/iframe>\n    <script type=\"text\/javascript\">\n    var ifr = document.getElementById(\"JotFormIFrame-72995482230361\");\n    if (ifr) {\n      var src = ifr.src;\n      var iframeParams = [];\n      if (window.location.href && window.location.href.indexOf(\"?\") > -1) {\n        iframeParams = iframeParams.concat(window.location.href.substr(window.location.href.indexOf(\"?\") + 1).split('&'));\n      }\n      if (src && src.indexOf(\"?\") > -1) {\n        iframeParams = iframeParams.concat(src.substr(src.indexOf(\"?\") + 1).split(\"&\"));\n        src = src.substr(0, src.indexOf(\"?\"))\n      }\n      iframeParams.push(\"isIframeEmbed=1\");\n      ifr.src = src + \"?\" + iframeParams.join('&');\n    }\n    window.handleIFrameMessage = function(e) {\n      if (typeof e.data === 'object') { return; }\n      var args = e.data.split(\":\");\n      if (args.length > 2) { iframe = document.getElementById(\"JotFormIFrame-\" + args[(args.length - 1)]); } else { iframe = document.getElementById(\"JotFormIFrame\"); }\n      if (!iframe) { return; }\n      switch (args[0]) {\n        case \"scrollIntoView\":\n          iframe.scrollIntoView();\n          break;\n        case \"setHeight\":\n          iframe.style.height = args[1] + \"px\";\n          if (!isNaN(args[1]) && parseInt(iframe.style.minHeight) > parseInt(args[1])) {\n            iframe.style.minHeight = args[1] + \"px\";\n          }\n          break;\n        case \"collapseErrorPage\":\n          if (iframe.clientHeight > window.innerHeight) {\n            iframe.style.height = window.innerHeight + \"px\";\n          }\n          break;\n        case \"reloadPage\":\n          window.location.reload();\n          break;\n        case \"loadScript\":\n          if( !window.isPermitted(e.origin, ['jotform.com', 'jotform.pro']) ) { break; }\n          var src = args[1];\n          if (args.length > 3) {\n              src = args[1] + ':' + args[2];\n          }\n          var script = document.createElement('script');\n          script.src = src;\n          script.type = 'text\/javascript';\n          document.body.appendChild(script);\n          break;\n        case \"exitFullscreen\":\n          if      (window.document.exitFullscreen)        window.document.exitFullscreen();\n          else if (window.document.mozCancelFullScreen)   window.document.mozCancelFullScreen();\n          else if (window.document.mozCancelFullscreen)   window.document.mozCancelFullScreen();\n          else if (window.document.webkitExitFullscreen)  window.document.webkitExitFullscreen();\n          else if (window.document.msExitFullscreen)      window.document.msExitFullscreen();\n          break;\n      }\n      var isJotForm = (e.origin.indexOf(\"jotform\") > -1) ? true : false;\n      if(isJotForm && \"contentWindow\" in iframe && \"postMessage\" in iframe.contentWindow) {\n        var urls = {\"docurl\":encodeURIComponent(document.URL),\"referrer\":encodeURIComponent(document.referrer)};\n        iframe.contentWindow.postMessage(JSON.stringify({\"type\":\"urls\",\"value\":urls}), \"*\");\n      }\n    };\n    window.isPermitted = function(originUrl, whitelisted_domains) {\n      var url = document.createElement('a');\n      url.href = originUrl;\n      var hostname = url.hostname;\n      var result = false;\n      if( typeof hostname !== 'undefined' ) {\n        whitelisted_domains.forEach(function(element) {\n            if( hostname.slice((-1 * element.length - 1)) === '.'.concat(element) ||  hostname === element ) {\n                result = true;\n            }\n        });\n        return result;\n      }\n    };\n    if (window.addEventListener) {\n      window.addEventListener(\"message\", handleIFrameMessage, false);\n    } else if (window.attachEvent) {\n      window.attachEvent(\"onmessage\", handleIFrameMessage);\n    }\n    <\/script>\t\t\t\t<\/div>\n\t\t\t\t<\/div>\n\t\t\t\t\t<\/div>\n\t\t<\/div>\n\t\t\t\t\t<\/div>\n\t\t<\/section>\n\t\t\t\t<\/div>\n\t\t<div style=\"margin: 20px 0;\"><div class=\"qrcswholewtapper\" style=\"text-align:left;\"><div class=\"qrcprowrapper\"  id=\"qrcwraa2leds\"><div class=\"qrc_canvass\" id=\"qrc_cuttenpages_2\" style=\"display:inline-block\" data-text=\"https:\/\/sztf.edu.pl\/2024\/en\/registration\/\"><\/div><div><a download=\"Registration.png\" class=\"qrcdownloads\" id=\"worign\">\r\n           <button type=\"button\" style=\"min-width:200px;background:#dddddd;color:#000;font-weight: 600;border: 1px solid #dddddd;border-radius:4px;font-size:12px;padding: 6px 0;\" class=\"uqr_code_btn\">Download QR<\/button>\r\n           <\/a><\/div><\/div><\/div><\/div>","protected":false},"excerpt":{"rendered":"<p>REGISTRATION Ladies and Gentlemen, The registration system has been temporarily suspended, if you wish to participate in the 21st School of Fermentation Technology, please send your application by e-mail to the following address: info@sztf.edu.pl, specifying: Name and surname of participant(s), e-mail address, type of accommodation (1, 2 or 3-person room), type of diet (standard \/ vegetarian) Additionally, please let us know whether participants will take part in: Marjot workshops (8\/05\/2024 10:30-13:30) visiting the \u017bywiec Brewery, the G\u00f3rniczo-Hutniczy Brewery in Krak\u00f3w or the Kazimierz Brewery (May 10, 2024) If the indicated rooms are available, we will confirm your registration by e-mail. If you have any questions, please call\/Whastup 791 738 038. \u00a0 The Organizing Committee21st School of Fermentation Technology Download QR<\/p>\n","protected":false},"author":3,"featured_media":0,"parent":0,"menu_order":0,"comment_status":"closed","ping_status":"closed","template":"elementor_header_footer","meta":{"_exactmetrics_skip_tracking":false,"_exactmetrics_sitenote_active":false,"_exactmetrics_sitenote_note":"","_exactmetrics_sitenote_category":0,"_monsterinsights_skip_tracking":false,"_monsterinsights_sitenote_active":false,"_monsterinsights_sitenote_note":"","_monsterinsights_sitenote_category":0,"jetpack_post_was_ever_published":false,"footnotes":""},"class_list":["post-128","page","type-page","status-publish","hentry"],"jetpack-related-posts":[],"jetpack_sharing_enabled":true,"_links":{"self":[{"href":"https:\/\/sztf.edu.pl\/2024\/wp-json\/wp\/v2\/pages\/128","targetHints":{"allow":["GET"]}}],"collection":[{"href":"https:\/\/sztf.edu.pl\/2024\/wp-json\/wp\/v2\/pages"}],"about":[{"href":"https:\/\/sztf.edu.pl\/2024\/wp-json\/wp\/v2\/types\/page"}],"author":[{"embeddable":true,"href":"https:\/\/sztf.edu.pl\/2024\/wp-json\/wp\/v2\/users\/3"}],"replies":[{"embeddable":true,"href":"https:\/\/sztf.edu.pl\/2024\/wp-json\/wp\/v2\/comments?post=128"}],"version-history":[{"count":12,"href":"https:\/\/sztf.edu.pl\/2024\/wp-json\/wp\/v2\/pages\/128\/revisions"}],"predecessor-version":[{"id":2717,"href":"https:\/\/sztf.edu.pl\/2024\/wp-json\/wp\/v2\/pages\/128\/revisions\/2717"}],"wp:attachment":[{"href":"https:\/\/sztf.edu.pl\/2024\/wp-json\/wp\/v2\/media?parent=128"}],"curies":[{"name":"wp","href":"https:\/\/api.w.org\/{rel}","templated":true}]}}